{"id":2180,"date":"2018-12-19T08:49:46","date_gmt":"2018-12-19T13:49:46","guid":{"rendered":"https:\/\/bushidostudio.com\/?page_id=2180"},"modified":"2019-03-19T23:38:44","modified_gmt":"2019-03-20T03:38:44","slug":"graphic-design-studio-quebec","status":"publish","type":"page","link":"https:\/\/bushidostudio.com\/en\/graphic-design-studio-quebec\/","title":{"rendered":"03_STUDIO"},"content":{"rendered":"<section class=\"wpb-content-wrapper\"><p>[vc_row][vc_column css=&#8221;.vc_custom_1546809156032{padding-top: 100px !important;padding-right: 30px !important;padding-bottom: 80px !important;padding-left: 30px !important;}&#8221;][vc_row_inner][vc_column_inner width=&#8221;1\/2&#8243;][vc_text_separator title=&#8221;GRAPHIC COMMUNICATION &amp; CREATION STUDIO.&#8221; subtitle=&#8221;Multidisciplinary, ethical and imaginative!&#8221; margin=&#8221;0&#8243;][\/vc_column_inner][vc_column_inner width=&#8221;1\/2&#8243;][vc_column_text]We create forward-thinking visual platforms and strong identities designed to get messages across genuinely and intelligently. Our work ethic is defined by our collaborative approach, our skillful execution as well as our bold creative style. Above all, our goal is to help you build your brand so that it will stand out and shine in a rapidly changing marketplace.[\/vc_column_text][\/vc_column_inner][\/vc_row_inner][\/vc_column][\/vc_row][vc_row][vc_column width=&#8221;1\/2&#8243; css=&#8221;.vc_custom_1546809211003{padding-top: 100px !important;padding-right: 30px !important;padding-left: 30px !important;background-color: #f4f4f4 !important;}&#8221;][vc_text_separator title=&#8221;THE FOUNDATIONS&#8221; margin=&#8221;0&#8243;][vc_column_text]<\/p>\n<h4 style=\"color: #4a5bf8; line-height: 0.1;\">_<\/h4>\n<p><span style=\"color: #4a5bf8;\">Bushido Studio was founded in Montreal in 2006. Over the last decade, it has brought its unique creative twist to a diversity of both local and international clients. Founder and artistic director Patrice Tremblay is passionate about design, media arts, music and technology. He has been working in graphic design and media arts for close to 20 years.<\/span>[\/vc_column_text][\/vc_column][vc_column width=&#8221;1\/2&#8243; css=&#8221;.vc_custom_1542139500502{padding-top: 0px !important;padding-right: 0px !important;padding-bottom: 0px !important;padding-left: 0px !important;}&#8221;][vc_single_image image=&#8221;1375&#8243;][\/vc_column][\/vc_row][vc_row][vc_column css=&#8221;.vc_custom_1546809242736{padding-top: 100px !important;padding-right: 30px !important;padding-bottom: 0px !important;padding-left: 30px !important;}&#8221; el_class=&#8221;.licher&#8221;][vc_column_text]<\/p>\n<h2>CLIENTS &amp; COLLABORATORS<\/h2>\n<h2 style=\"color: #4a5bf8; line-height: 0.1;\">_<\/h2>\n<p>[\/vc_column_text][vc_separator][\/vc_column][\/vc_row][vc_row][vc_column css=&#8221;.vc_custom_1546032107182{padding-top: 0px !important;padding-right: 0px !important;padding-bottom: 0px !important;padding-left: 0px !important;}&#8221;][vc_column_text]<img decoding=\"async\" loading=\"lazy\" class=\"alignnone size-full wp-image-1382\" src=\"https:\/\/bushidostudio.com\/wp-content\/uploads\/2018\/11\/02_studio_clients_logos.png\" alt=\"collaborateurs\" width=\"1296\" height=\"1033\" srcset=\"https:\/\/bushidostudio.com\/wp-content\/uploads\/2018\/11\/02_studio_clients_logos.png 1296w, https:\/\/bushidostudio.com\/wp-content\/uploads\/2018\/11\/02_studio_clients_logos-300x239.png 300w, https:\/\/bushidostudio.com\/wp-content\/uploads\/2018\/11\/02_studio_clients_logos-768x612.png 768w, https:\/\/bushidostudio.com\/wp-content\/uploads\/2018\/11\/02_studio_clients_logos-1024x816.png 1024w\" sizes=\"(max-width: 1296px) 100vw, 1296px\" \/>[\/vc_column_text][\/vc_column][\/vc_row][vc_row][vc_column css=&#8221;.vc_custom_1546824263673{padding-top: 60px !important;padding-right: 30px !important;padding-bottom: 0px !important;padding-left: 30px !important;background-color: #f4f4f4 !important;}&#8221;][vc_column_text]<\/p>\n<h2 style=\"text-align: center;\">WHAT THEY\u2019RE SAYING<\/h2>\n<h2 style=\"color: #4a5bf8; line-height: 0.1; text-align: center;\">_<\/h2>\n<p>[\/vc_column_text][vc_separator height_2=&#8221;60&#8243; height=&#8221;60&#8243;]<div class=\"flexslider krown-tour nav-bullets-none\" data-nav-bullets=\"none\" data-nav-arrows=\"none\"  data-autoplay=\"0\">\n\t\t\t<div class=\"slides\">\n\t\t\t<section>\n\t\t\t\t<h5>Section 1<\/h5>\n\t\t\t\t<div class=\"content\">\n\t\t\t\t[vc_column_text]<\/p>\n<p style=\"text-align: center;\"><span style=\"color: #4a5bf8; font-size: 18px; font-weight: 400; letter-spacing: 0.5px;\">&#8220;I want to thank Bushido Studio for their excellent graphic work, awesome project management skills, their efficiency and tireless support while creating my online stores.&#8221;<\/span><\/p>\n<p style=\"text-align: center;\"><span style=\"color: #000; font-size: 15px; font-weight: 200; margin-top: 10px;\">&#8211; Yves Duch\u00eane, Founder &amp; President of Canada-k9 &amp; \u00c9ducanin Montr\u00e9al<\/span><\/p>\n<p>[\/vc_column_text]\n\t\t\t\t<\/div>\n\t\t\t<\/section> \n\t\t\t<section>\n\t\t\t\t<h5>Section 2<\/h5>\n\t\t\t\t<div class=\"content\">\n\t\t\t\t[vc_column_text]<\/p>\n<p style=\"text-align: center;\"><span style=\"color: #4a5bf8; font-size: 18px; font-weight: 400; letter-spacing: 0.5px;\">&#8220;Bushido Studio is all about finding solutions. Working with them definitely put my mind at ease. Great service, always available and really creative!&#8221;<\/span><\/p>\n<p style=\"text-align: center;\"><span style=\"color: #000; font-size: 15px; font-weight: 200; margin-top: 10px;\">&#8211; Maude Michaud Mousseau, M3 logistique \u00e9v\u00e9nementielle<\/span><\/p>\n<p>[\/vc_column_text]\n\t\t\t\t<\/div>\n\t\t\t<\/section> \n\t\t\t<section>\n\t\t\t\t<h5>Section 3<\/h5>\n\t\t\t\t<div class=\"content\">\n\t\t\t\t[vc_column_text]<\/p>\n<p style=\"text-align: center;\"><span style=\"color: #4a5bf8; font-size: 18px; font-weight: 400; letter-spacing: 0.5px;\">&#8220;They offer great service, meet deadlines and offer a diversity of propositions for every project. Most of all, I can recommend Patrice\u2019s work for its quality and beauty. I\u2019ve been a more than satisfied customer for years now!&#8221;<\/span><\/p>\n<p style=\"text-align: center;\"><span style=\"color: #000; font-size: 15px; font-weight: 200; margin-top: 10px;\">&#8211; Alexis Simoneau, Noerg &amp; With Dimensions<\/span><\/p>\n<p>[\/vc_column_text]\n\t\t\t\t<\/div>\n\t\t\t<\/section> \n\t\t\t<section>\n\t\t\t\t<h5>Section 4<\/h5>\n\t\t\t\t<div class=\"content\">\n\t\t\t\t[vc_column_text]<\/p>\n<p style=\"text-align: center;\"><span style=\"color: #4a5bf8; font-size: 18px; font-weight: 400; letter-spacing: 0.5px;\">&#8220;I really enjoyed my logo design experience with Bushido Studio. Patrice is very patient and paid much attention to our specific needs in order to come up with an image that truly represents who we are as a business. I still consult with him regularly for any graphic design or marketing advice.&#8221;<\/span><\/p>\n<p style=\"text-align: center;\"><span style=\"color: #000; font-size: 15px; font-weight: 200; margin-top: 10px;\">&#8211; Louise Robinson, Jai Ma Centre de bien-\u00eatre<\/span><\/p>\n<p>[\/vc_column_text]\n\t\t\t\t<\/div>\n\t\t\t<\/section> \n\t\t\t<section>\n\t\t\t\t<h5>Section 5<\/h5>\n\t\t\t\t<div class=\"content\">\n\t\t\t\t[vc_column_text]<\/p>\n<p style=\"text-align: center;\"><span style=\"color: #4a5bf8; font-size: 18px; font-weight: 400; letter-spacing: 0.5px;\">&#8220;I\u2019ve always received excellent service from Bushido Studio. I recommend them without hesitation.&#8221;<\/span><\/p>\n<p style=\"text-align: center;\"><span style=\"color: #000; font-size: 15px; font-weight: 200; margin-top: 10px;\">&#8211; V\u00e9ronique Coallier, Awsum Kulture<\/span><\/p>\n<p>[\/vc_column_text]\n\t\t\t\t<\/div>\n\t\t\t<\/section> \n\t\t\t<section>\n\t\t\t\t<h5>Section 6<\/h5>\n\t\t\t\t<div class=\"content\">\n\t\t\t\t[vc_column_text]<\/p>\n<p style=\"text-align: center;\"><span style=\"color: #4a5bf8; font-size: 18px; font-weight: 400; letter-spacing: 0.5px;\">&#8220;An innovative and versatile studio! Look no further, this is what you are looking for.&#8221;<\/span><\/p>\n<p style=\"text-align: center;\"><span style=\"color: #000; font-size: 15px; font-weight: 200; margin-top: 10px;\">&#8211; Marlyne McCormick, Negotium Technologies<\/span><\/p>\n<p>[\/vc_column_text]\n\t\t\t\t<\/div>\n\t\t\t<\/section> <\/div>\n\t\t<\/div>[vc_separator height_2=&#8221;80&#8243; height=&#8221;80&#8243;][\/vc_column][\/vc_row][vc_row el_class=&#8221;prix&#8221;][vc_column width=&#8221;1\/2&#8243; css=&#8221;.vc_custom_1541556595609{padding-top: 0px !important;padding-right: 0px !important;padding-bottom: 0px !important;padding-left: 0px !important;background-position: center !important;background-repeat: no-repeat !important;background-size: cover !important;}&#8221;]\n\t\t\t<!-- START slider_studio_bottom REVOLUTION SLIDER 6.6.16 --><p class=\"rs-p-wp-fix\"><\/p>\n\t\t\t<rs-module-wrap id=\"rev_slider_5_1_wrapper\" data-source=\"gallery\" style=\"visibility:hidden;background:transparent;padding:0;margin:0px auto;margin-top:0;margin-bottom:0;\">\n\t\t\t\t<rs-module id=\"rev_slider_5_1\" class=\" rs-ov-hidden\" style=\"\" data-version=\"6.6.16\">\n\t\t\t\t\t<rs-slides style=\"overflow: hidden; position: absolute;\">\n\t\t\t\t\t\t<rs-slide style=\"position: absolute;\" data-key=\"rs-14\" data-title=\"Slide\" data-anim=\"ms:600;r:0;\" data-in=\"o:0;\" data-out=\"a:false;\">\n\t\t\t\t\t\t\t<img src=\"\/\/bushidostudio.com\/wp-content\/plugins\/revslider\/public\/assets\/assets\/dummy.png\" alt=\"\" title=\"03_STUDIO\" class=\"rev-slidebg tp-rs-img rs-lazyload\" data-lazyload=\"\/\/bushidostudio.com\/wp-content\/uploads\/2018\/06\/02_studio_prix_distinctions_img_880px.png\" data-no-retina>\n<!--\n\t\t\t\t\t\t\t--><rs-layer\n\t\t\t\t\t\t\t\tid=\"slider-5-slide-14-layer-1\" \n\t\t\t\t\t\t\t\tdata-type=\"text\"\n\t\t\t\t\t\t\t\tdata-color=\"#ffffff\"\n\t\t\t\t\t\t\t\tdata-rsp_ch=\"on\"\n\t\t\t\t\t\t\t\tdata-xy=\"x:97px;y:84px;\"\n\t\t\t\t\t\t\t\tdata-text=\"s:33;l:38;fw:800;a:inherit;\"\n\t\t\t\t\t\t\t\tdata-frame_0=\"tp:600;\"\n\t\t\t\t\t\t\t\tdata-frame_1=\"tp:600;sR:10;\"\n\t\t\t\t\t\t\t\tdata-frame_999=\"o:0;tp:600;st:w;sR:8690;\"\n\t\t\t\t\t\t\t\tstyle=\"z-index:8;font-family:'Montserrat';\"\n\t\t\t\t\t\t\t>AWARDS & HONORS \n\t\t\t\t\t\t\t<\/rs-layer><!--\n\n\t\t\t\t\t\t\t--><rs-layer\n\t\t\t\t\t\t\t\tid=\"slider-5-slide-14-layer-4\" \n\t\t\t\t\t\t\t\tdata-type=\"text\"\n\t\t\t\t\t\t\t\tdata-color=\"#ffffff\"\n\t\t\t\t\t\t\t\tdata-rsp_ch=\"on\"\n\t\t\t\t\t\t\t\tdata-xy=\"x:97px;y:128px;\"\n\t\t\t\t\t\t\t\tdata-text=\"s:33;l:38;fw:800;a:inherit;\"\n\t\t\t\t\t\t\t\tdata-frame_0=\"tp:600;\"\n\t\t\t\t\t\t\t\tdata-frame_1=\"tp:600;sR:10;\"\n\t\t\t\t\t\t\t\tdata-frame_999=\"o:0;tp:600;st:w;sR:8690;\"\n\t\t\t\t\t\t\t\tstyle=\"z-index:9;font-family:\"Montserrat\", sans-serif;font-size:36px;line-height:42px;font-weight:800;\"\n\t\t\t\t\t\t\t>_ \n\t\t\t\t\t\t\t<\/rs-layer><!--\n-->\t\t\t\t\t\t<\/rs-slide>\n\t\t\t\t\t<\/rs-slides>\n\t\t\t\t<\/rs-module>\n\t\t\t\t<script>\n\t\t\t\t\tsetREVStartSize({c: 'rev_slider_5_1',rl:[1240,1024,778,480],el:[360],gw:[648],gh:[360],type:'hero',justify:'',layout:'fullwidth',mh:\"360px\"});if (window.RS_MODULES!==undefined && window.RS_MODULES.modules!==undefined && window.RS_MODULES.modules[\"revslider51\"]!==undefined) {window.RS_MODULES.modules[\"revslider51\"].once = false;window.revapi5 = undefined;if (window.RS_MODULES.checkMinimal!==undefined) window.RS_MODULES.checkMinimal()}\n\t\t\t\t<\/script>\n\t\t\t<\/rs-module-wrap>\n\t\t\t<!-- END REVOLUTION SLIDER -->\n[\/vc_column][vc_column width=&#8221;1\/2&#8243; bg=&#8221;#1d1d1d&#8221; css=&#8221;.vc_custom_1546809382417{padding-top: 80px !important;padding-right: 30px !important;padding-left: 30px !important;background-color: #333333 !important;}&#8221; type=&#8221;text&#8221;][vc_column_text]<span style=\"color: #fff; font-size: 120%;\">2008 \/ Grafika Award<\/span><br \/>\n<span style=\"color: #fff;\">Bombardier &#8211; The Climate is Right for Trains<\/span><\/p>\n<p><span style=\"color: #fff; font-size: 120%;\">2007 \/ Boomerang Award<\/span><br \/>\n<span style=\"color: #fff;\">Bombardier &#8211; The Climate is Right for Trains<\/span><\/p>\n<p><span style=\"color: #fff; font-size: 120%;\">2006 \/ American Design awards<\/span><br \/>\n<span style=\"color: #fff;\">Sextans &#8211; Website<\/span>[\/vc_column_text][\/vc_column][\/vc_row]<\/p>\n<\/section>","protected":false},"excerpt":{"rendered":"<p>[vc_row][vc_column css=&#8221;.vc_custom_1546809156032{padding-top: 100px !important;padding-right: 30px !important;padding-bottom: 80px !important;padding-left: 30px !important;}&#8221;][vc_row_inner][vc_column_inner width=&#8221;1\/2&#8243;][vc_text_separator title=&#8221;GRAPHIC COMMUNICATION &amp; CREATION STUDIO.&#8221; subtitle=&#8221;Multidisciplinary, ethical and imaginative!&#8221; margin=&#8221;0&#8243;][\/vc_column_inner][vc_column_inner width=&#8221;1\/2&#8243;][vc_column_text]We create forward-thinking visual platforms and strong identities designed to get messages across genuinely and intelligently. Our work ethic is defined by our collaborative approach, our skillful execution as well as our bold creative [&hellip;]<\/p>\n","protected":false},"author":1,"featured_media":0,"parent":0,"menu_order":0,"comment_status":"closed","ping_status":"closed","template":"","meta":{"footnotes":""},"yoast_head":"<!-- This site is optimized with the Yoast SEO plugin v20.10 - https:\/\/yoast.com\/wordpress\/plugins\/seo\/ -->\n<title>Creative Studio in graphic design production | Bushido | Quebec | Montreal<\/title>\n<meta name=\"description\" content=\"Our creative studio has been providing high quality and personalized services in graphic design production to Quebec companies for 15 years.\" \/>\n<meta name=\"robots\" content=\"index, follow, max-snippet:-1, max-image-preview:large, max-video-preview:-1\" \/>\n<link rel=\"canonical\" href=\"https:\/\/bushidostudio.com\/en\/graphic-design-studio-quebec\/\" \/>\n<meta property=\"og:locale\" content=\"en_US\" \/>\n<meta property=\"og:type\" content=\"article\" \/>\n<meta property=\"og:title\" content=\"Creative Studio in graphic design production | Bushido | Quebec | Montreal\" \/>\n<meta property=\"og:description\" content=\"Our creative studio has been providing high quality and personalized services in graphic design production to Quebec companies for 15 years.\" \/>\n<meta property=\"og:url\" content=\"https:\/\/bushidostudio.com\/en\/graphic-design-studio-quebec\/\" \/>\n<meta property=\"og:site_name\" content=\"Bushido studio cr\u00e9atif\" \/>\n<meta property=\"article:publisher\" content=\"https:\/\/www.facebook.com\/bushido.studio\/\" \/>\n<meta property=\"article:modified_time\" content=\"2019-03-20T03:38:44+00:00\" \/>\n<meta property=\"og:image\" content=\"https:\/\/bushidostudio.com\/wp-content\/uploads\/2019\/01\/facebook_default_studio.png\" \/>\n\t<meta property=\"og:image:width\" content=\"1200\" \/>\n\t<meta property=\"og:image:height\" content=\"630\" \/>\n\t<meta property=\"og:image:type\" content=\"image\/png\" \/>\n<meta name=\"twitter:card\" content=\"summary_large_image\" \/>\n<meta name=\"twitter:title\" content=\"Creative Studio in graphic design production | Bushido | Quebec | Montreal\" \/>\n<meta name=\"twitter:description\" content=\"Our creative studio has been providing high quality and personalized services in graphic design production to Quebec companies for 15 years.\" \/>\n<meta name=\"twitter:image\" content=\"https:\/\/bushidostudio.com\/wp-content\/uploads\/2019\/01\/twitter_default_studio.png\" \/>\n<meta name=\"twitter:site\" content=\"@bushidostudio\" \/>\n<meta name=\"twitter:label1\" content=\"Est. reading time\" \/>\n\t<meta name=\"twitter:data1\" content=\"4 minutes\" \/>\n<script type=\"application\/ld+json\" class=\"yoast-schema-graph\">{\"@context\":\"https:\/\/schema.org\",\"@graph\":[{\"@type\":\"WebPage\",\"@id\":\"https:\/\/bushidostudio.com\/en\/graphic-design-studio-quebec\/\",\"url\":\"https:\/\/bushidostudio.com\/en\/graphic-design-studio-quebec\/\",\"name\":\"Creative Studio in graphic design production | Bushido | Quebec | Montreal\",\"isPartOf\":{\"@id\":\"https:\/\/bushidostudio.com\/#website\"},\"datePublished\":\"2018-12-19T13:49:46+00:00\",\"dateModified\":\"2019-03-20T03:38:44+00:00\",\"description\":\"Our creative studio has been providing high quality and personalized services in graphic design production to Quebec companies for 15 years.\",\"breadcrumb\":{\"@id\":\"https:\/\/bushidostudio.com\/en\/graphic-design-studio-quebec\/#breadcrumb\"},\"inLanguage\":\"en-US\",\"potentialAction\":[{\"@type\":\"ReadAction\",\"target\":[\"https:\/\/bushidostudio.com\/en\/graphic-design-studio-quebec\/\"]}]},{\"@type\":\"BreadcrumbList\",\"@id\":\"https:\/\/bushidostudio.com\/en\/graphic-design-studio-quebec\/#breadcrumb\",\"itemListElement\":[{\"@type\":\"ListItem\",\"position\":1,\"name\":\"Accueil\",\"item\":\"https:\/\/bushidostudio.com\/en\/\"},{\"@type\":\"ListItem\",\"position\":2,\"name\":\"03_STUDIO\"}]},{\"@type\":\"WebSite\",\"@id\":\"https:\/\/bushidostudio.com\/#website\",\"url\":\"https:\/\/bushidostudio.com\/\",\"name\":\"Bushido studio cr\u00e9atif\",\"description\":\"Design graphique et communication 360\u00b0\",\"publisher\":{\"@id\":\"https:\/\/bushidostudio.com\/#organization\"},\"potentialAction\":[{\"@type\":\"SearchAction\",\"target\":{\"@type\":\"EntryPoint\",\"urlTemplate\":\"https:\/\/bushidostudio.com\/?s={search_term_string}\"},\"query-input\":\"required name=search_term_string\"}],\"inLanguage\":\"en-US\"},{\"@type\":\"Organization\",\"@id\":\"https:\/\/bushidostudio.com\/#organization\",\"name\":\"Bushido studio cr\u00e9atif\",\"url\":\"https:\/\/bushidostudio.com\/\",\"logo\":{\"@type\":\"ImageObject\",\"inLanguage\":\"en-US\",\"@id\":\"https:\/\/bushidostudio.com\/#\/schema\/logo\/image\/\",\"url\":\"https:\/\/bushidostudio.com\/wp-content\/uploads\/2018\/06\/B_Square_Social_Icon_tight.png\",\"contentUrl\":\"https:\/\/bushidostudio.com\/wp-content\/uploads\/2018\/06\/B_Square_Social_Icon_tight.png\",\"width\":300,\"height\":300,\"caption\":\"Bushido studio cr\u00e9atif\"},\"image\":{\"@id\":\"https:\/\/bushidostudio.com\/#\/schema\/logo\/image\/\"},\"sameAs\":[\"https:\/\/www.facebook.com\/bushido.studio\/\",\"https:\/\/twitter.com\/bushidostudio\",\"https:\/\/www.instagram.com\/bushido.studio\/\",\"https:\/\/www.linkedin.com\/company\/bushido-studio\/\",\"https:\/\/www.pinterest.ca\/pinterest.ca\/bushidostudio\/\",\"https:\/\/www.youtube.com\/user\/bushidostudiomotion\"]}]}<\/script>\n<!-- \/ Yoast SEO plugin. -->","yoast_head_json":{"title":"Creative Studio in graphic design production | Bushido | Quebec | Montreal","description":"Our creative studio has been providing high quality and personalized services in graphic design production to Quebec companies for 15 years.","robots":{"index":"index","follow":"follow","max-snippet":"max-snippet:-1","max-image-preview":"max-image-preview:large","max-video-preview":"max-video-preview:-1"},"canonical":"https:\/\/bushidostudio.com\/en\/graphic-design-studio-quebec\/","og_locale":"en_US","og_type":"article","og_title":"Creative Studio in graphic design production | Bushido | Quebec | Montreal","og_description":"Our creative studio has been providing high quality and personalized services in graphic design production to Quebec companies for 15 years.","og_url":"https:\/\/bushidostudio.com\/en\/graphic-design-studio-quebec\/","og_site_name":"Bushido studio cr\u00e9atif","article_publisher":"https:\/\/www.facebook.com\/bushido.studio\/","article_modified_time":"2019-03-20T03:38:44+00:00","og_image":[{"width":1200,"height":630,"url":"https:\/\/bushidostudio.com\/wp-content\/uploads\/2019\/01\/facebook_default_studio.png","type":"image\/png"}],"twitter_card":"summary_large_image","twitter_title":"Creative Studio in graphic design production | Bushido | Quebec | Montreal","twitter_description":"Our creative studio has been providing high quality and personalized services in graphic design production to Quebec companies for 15 years.","twitter_image":"https:\/\/bushidostudio.com\/wp-content\/uploads\/2019\/01\/twitter_default_studio.png","twitter_site":"@bushidostudio","twitter_misc":{"Est. reading time":"4 minutes"},"schema":{"@context":"https:\/\/schema.org","@graph":[{"@type":"WebPage","@id":"https:\/\/bushidostudio.com\/en\/graphic-design-studio-quebec\/","url":"https:\/\/bushidostudio.com\/en\/graphic-design-studio-quebec\/","name":"Creative Studio in graphic design production | Bushido | Quebec | Montreal","isPartOf":{"@id":"https:\/\/bushidostudio.com\/#website"},"datePublished":"2018-12-19T13:49:46+00:00","dateModified":"2019-03-20T03:38:44+00:00","description":"Our creative studio has been providing high quality and personalized services in graphic design production to Quebec companies for 15 years.","breadcrumb":{"@id":"https:\/\/bushidostudio.com\/en\/graphic-design-studio-quebec\/#breadcrumb"},"inLanguage":"en-US","potentialAction":[{"@type":"ReadAction","target":["https:\/\/bushidostudio.com\/en\/graphic-design-studio-quebec\/"]}]},{"@type":"BreadcrumbList","@id":"https:\/\/bushidostudio.com\/en\/graphic-design-studio-quebec\/#breadcrumb","itemListElement":[{"@type":"ListItem","position":1,"name":"Accueil","item":"https:\/\/bushidostudio.com\/en\/"},{"@type":"ListItem","position":2,"name":"03_STUDIO"}]},{"@type":"WebSite","@id":"https:\/\/bushidostudio.com\/#website","url":"https:\/\/bushidostudio.com\/","name":"Bushido studio cr\u00e9atif","description":"Design graphique et communication 360\u00b0","publisher":{"@id":"https:\/\/bushidostudio.com\/#organization"},"potentialAction":[{"@type":"SearchAction","target":{"@type":"EntryPoint","urlTemplate":"https:\/\/bushidostudio.com\/?s={search_term_string}"},"query-input":"required name=search_term_string"}],"inLanguage":"en-US"},{"@type":"Organization","@id":"https:\/\/bushidostudio.com\/#organization","name":"Bushido studio cr\u00e9atif","url":"https:\/\/bushidostudio.com\/","logo":{"@type":"ImageObject","inLanguage":"en-US","@id":"https:\/\/bushidostudio.com\/#\/schema\/logo\/image\/","url":"https:\/\/bushidostudio.com\/wp-content\/uploads\/2018\/06\/B_Square_Social_Icon_tight.png","contentUrl":"https:\/\/bushidostudio.com\/wp-content\/uploads\/2018\/06\/B_Square_Social_Icon_tight.png","width":300,"height":300,"caption":"Bushido studio cr\u00e9atif"},"image":{"@id":"https:\/\/bushidostudio.com\/#\/schema\/logo\/image\/"},"sameAs":["https:\/\/www.facebook.com\/bushido.studio\/","https:\/\/twitter.com\/bushidostudio","https:\/\/www.instagram.com\/bushido.studio\/","https:\/\/www.linkedin.com\/company\/bushido-studio\/","https:\/\/www.pinterest.ca\/pinterest.ca\/bushidostudio\/","https:\/\/www.youtube.com\/user\/bushidostudiomotion"]}]}},"_links":{"self":[{"href":"https:\/\/bushidostudio.com\/en\/wp-json\/wp\/v2\/pages\/2180"}],"collection":[{"href":"https:\/\/bushidostudio.com\/en\/wp-json\/wp\/v2\/pages"}],"about":[{"href":"https:\/\/bushidostudio.com\/en\/wp-json\/wp\/v2\/types\/page"}],"author":[{"embeddable":true,"href":"https:\/\/bushidostudio.com\/en\/wp-json\/wp\/v2\/users\/1"}],"replies":[{"embeddable":true,"href":"https:\/\/bushidostudio.com\/en\/wp-json\/wp\/v2\/comments?post=2180"}],"version-history":[{"count":1,"href":"https:\/\/bushidostudio.com\/en\/wp-json\/wp\/v2\/pages\/2180\/revisions"}],"predecessor-version":[{"id":2811,"href":"https:\/\/bushidostudio.com\/en\/wp-json\/wp\/v2\/pages\/2180\/revisions\/2811"}],"wp:attachment":[{"href":"https:\/\/bushidostudio.com\/en\/wp-json\/wp\/v2\/media?parent=2180"}],"curies":[{"name":"wp","href":"https:\/\/api.w.org\/{rel}","templated":true}]}}